{"id":1097,"date":"2026-03-25T16:46:32","date_gmt":"2026-03-25T15:46:32","guid":{"rendered":"https:\/\/beveragecarton.be\/?page_id=1097"},"modified":"2026-04-09T09:29:49","modified_gmt":"2026-04-09T07:29:49","slug":"recherche-mars-2026","status":"publish","type":"page","link":"https:\/\/beveragecarton.be\/fr\/recherche-mars-2026\/","title":{"rendered":"Recherche 2026"},"content":{"rendered":"\n<p><strong>Q1 : Dans quelle mesure \u00eates-vous d\u2019accord ou en d\u00e9saccord avec les affirmations suivantes concernant le recyclage des briques alimentaires ?<\/strong><\/p>\n\n\n\n<ol class=\"wp-block-list\">\n<li>Plus de la moiti\u00e9 (50,5 %) des Belges pensent que les couches d\u2019aluminium et de polym\u00e8res rendent les briques alimentaires plus difficiles \u00e0 recycler que d\u2019autres types d\u2019emballages (PET\/plastique, canettes m\u00e9talliques, verre).<\/li>\n\n\n\n<li>Pr\u00e8s d\u20191 Belge sur 3 (32,2 %) estime que les informations sur le recyclage des briques alimentaires rel\u00e8vent principalement du marketing et ne sont donc pas fiables.<\/li>\n\n\n\n<li>65,9 % des Belges n\u2019ont aucune id\u00e9e de ce qu\u2019il advient des mat\u00e9riaux recycl\u00e9s issus des briques alimentaires.<\/li>\n\n\n\n<li>Plus de la moiti\u00e9 (52,2 %) des Belges ach\u00e8tent des briques alimentaires parce qu\u2019elles sont recyclables.<\/li>\n\n\n\n<li>Plus d\u20191 Belge sur 3 (42,8 %) pense que le recyclage des briques alimentaires aboutit exclusivement \u00e0 de nouveaux emballages en carton pour aliments et boissons.<\/li>\n<\/ol>\n\n\n\n<p><strong>Q2 : Dans quelle mesure \u00eates-vous d\u2019accord ou en d\u00e9saccord avec les affirmations suivantes concernant le tri des briques alimentaires ?<\/strong><\/p>\n\n\n\n<ol class=\"wp-block-list\">\n<li>1 Belge sur 4 (25,3 %) est d\u2019accord avec l\u2019affirmation : \u00ab Que je trie ou non, la plupart des briques alimentaires sont de toute fa\u00e7on incin\u00e9r\u00e9es. \u00bb<\/li>\n\n\n\n<li>Plus de 8 Belges sur 10 (83,5 %) jettent toujours leurs briques alimentaires usag\u00e9es dans le sac bleu.<\/li>\n\n\n\n<li>Plus d\u20191 Belge sur 3 (44,5 %) affirme que le mauvais tri des autres rend le tri des briques alimentaires inutile.<\/li>\n<\/ol>\n\n\n\n<p><strong>Q3 : Dans quelle mesure \u00eates-vous d\u2019accord ou en d\u00e9saccord avec les affirmations suivantes concernant les mati\u00e8res premi\u00e8res utilis\u00e9es pour fabriquer les briques alimentaires ?<\/strong><\/p>\n\n\n\n<ol class=\"wp-block-list\">\n<li>43,1 % des Belges d\u00e9clarent que le fait d\u2019\u00eatre recyclable et d\u2019\u00eatre fabriqu\u00e9 \u00e0 partir d\u2019une ressource renouvelable revient au m\u00eame.<\/li>\n\n\n\n<li>Plus d\u20191 Belge sur 3 (38,8 %) estime que la production de briques alimentaires entra\u00eene une diminution des arbres et des for\u00eats dans notre pays.<\/li>\n\n\n\n<li>31,7 % d\u00e9clarent que les labels tels que FSC\/PEFC, indiquant que les fibres de bois proviennent de for\u00eats g\u00e9r\u00e9es durablement, ne sont pas tr\u00e8s fiables.<\/li>\n\n\n\n<li>Pour plus d\u20191 Belge sur 3 (34 %), l\u2019affirmation selon laquelle les briques alimentaires sont recyclables rel\u00e8ve du greenwashing.<\/li>\n\n\n\n<li>64,6 % des Belges consid\u00e8rent les briques alimentaires comme durables parce qu\u2019elles sont en grande partie compos\u00e9es de papier et de carton recycl\u00e9s.<\/li>\n\n\n\n<li>Plus de la moiti\u00e9 (51,8 %) consid\u00e9reraient comme un changement positif qu\u2019une marque passe aux briques alimentaires.<\/li>\n<\/ol>\n\n\n\n<p><strong>Q4 : Dans quelle mesure \u00eates-vous d\u2019accord ou en d\u00e9saccord avec les affirmations suivantes concernant l\u2019empreinte CO\u2082 des briques alimentaires ?<\/strong><\/p>\n\n\n\n<ol class=\"wp-block-list\">\n<li>40,1 % des Belges pensent que les briques alimentaires ont une empreinte CO\u2082 plus \u00e9lev\u00e9e que d\u2019autres types d\u2019emballages en raison de leurs couches d\u2019aluminium et de polym\u00e8res.<\/li>\n\n\n\n<li>Plus de la moiti\u00e9 (58 %) des Belges jugent important que des informations sur l\u2019empreinte CO\u2082 soient indiqu\u00e9es sur les briques alimentaires.<\/li>\n\n\n\n<li>42,1 % sont d\u2019accord avec l\u2019affirmation selon laquelle les briques alimentaires ont une empreinte CO\u2082 plus faible que d\u2019autres emballages, car elles sont plus l\u00e9g\u00e8res et n\u00e9cessitent donc moins d\u2019\u00e9nergie pour le transport.<\/li>\n<\/ol>\n\n\n\n<p><strong>Q5 : Dans quelle mesure \u00eates-vous d\u2019accord ou en d\u00e9saccord avec les affirmations suivantes concernant la durabilit\u00e9 des briques alimentaires ?<\/strong><\/p>\n\n\n\n<ol class=\"wp-block-list\">\n<li>Pr\u00e8s de la moiti\u00e9 (49,5 %) des Belges ne sont pas d\u2019accord avec l\u2019affirmation : \u00ab J\u2019\u00e9vite les briques alimentaires parce qu\u2019elles sont moins durables que les emballages alternatifs. \u00bb<\/li>\n\n\n\n<li>68,8 % indiquent ne pas savoir quel type d\u2019emballage pour aliments et boissons (PET\/plastique, verre, canettes, briques) est le plus ou le moins durable.<\/li>\n\n\n\n<li>63,7 % sont d\u2019accord avec l\u2019affirmation selon laquelle les briques alimentaires sont recyclables et, apr\u00e8s usage, transform\u00e9es en nouveaux mat\u00e9riaux de valeur, tels que des bo\u00eetes en carton et des palettes en plastique.<\/li>\n<\/ol>\n\n\n\n<p><strong>Q6 : Dans quelle mesure \u00eates-vous d\u2019accord ou en d\u00e9saccord avec les affirmations g\u00e9n\u00e9rales suivantes concernant les briques alimentaires ?<\/strong><\/p>\n\n\n\n<ol class=\"wp-block-list\">\n<li>Plus d\u20191 Belge sur 3 (39,8 %) consid\u00e8re les briques alimentaires comme meilleures pour la s\u00e9curit\u00e9 alimentaire que d\u2019autres types d\u2019emballages.<\/li>\n\n\n\n<li>43,9 % pensent que les briques alimentaires conservent mieux leur contenu que d\u2019autres types d\u2019emballages.<\/li>\n\n\n\n<li>Plus de la moiti\u00e9 (52,7 %) trouvent les briques alimentaires plus faciles \u00e0 utiliser que d\u2019autres types d\u2019emballages.<\/li>\n\n\n\n<li>Pr\u00e8s de 7 Belges sur 10 (69,8 %) trouvent les briques alimentaires plus pratiques \u00e0 stocker que d\u2019autres types d\u2019emballages.<\/li>\n\n\n\n<li>Selon 44,8 %, les briques alimentaires pr\u00e9servent mieux la qualit\u00e9 et le go\u00fbt de leur contenu que d\u2019autres emballages.<\/li>\n\n\n\n<li>Selon 44,7 %, les briques alimentaires sont meilleures pour l\u2019environnement que d\u2019autres types d\u2019emballages.<\/li>\n\n\n\n<li>Les avis sont partag\u00e9s concernant le prix : 30,4 % estiment que les boissons en briques alimentaires sont plus ch\u00e8res que celles dans d\u2019autres emballages, tandis qu\u2019une proportion similaire (30,1 %) estime qu\u2019elles sont moins ch\u00e8res.<\/li>\n<\/ol>\n\n\n\n<p><strong>Q7 : Quelle importance accordez-vous aux crit\u00e8res suivants lors du choix d\u2019emballages pour les aliments et boissons ?<\/strong><\/p>\n\n\n\n<ol class=\"wp-block-list\">\n<li>Prix : important pour 86,4 %<\/li>\n\n\n\n<li>Marque : important pour 52,7 %<\/li>\n\n\n\n<li>Facilit\u00e9 d\u2019utilisation : important pour 85,8 %<\/li>\n\n\n\n<li>Qualit\u00e9 du contenu : important pour 89,6 %<\/li>\n\n\n\n<li>Dur\u00e9e de conservation : important pour 88,2 %<\/li>\n\n\n\n<li>S\u00e9curit\u00e9 alimentaire : important pour 85,2 %<\/li>\n\n\n\n<li>Durabilit\u00e9 : important pour 71,3 %<\/li>\n<\/ol>\n","protected":false},"excerpt":{"rendered":"<p>Q1 : Dans quelle mesure \u00eates-vous d\u2019accord ou en d\u00e9saccord avec les affirmations suivantes concernant le recyclage des briques alimentaires ? Q2 : Dans quelle mesure \u00eates-vous d\u2019accord ou en d\u00e9saccord avec les affirmations suivantes concernant le tri des briques alimentaires ? Q3 : Dans quelle mesure \u00eates-vous d\u2019accord ou en d\u00e9saccord avec les affirmations [&hellip;]<\/p>\n","protected":false},"author":2,"featured_media":0,"parent":0,"menu_order":0,"comment_status":"closed","ping_status":"closed","template":"","meta":{"_acf_changed":false,"footnotes":""},"class_list":["post-1097","page","type-page","status-publish","hentry"],"acf":[],"_links":{"self":[{"href":"https:\/\/beveragecarton.be\/fr\/wp-json\/wp\/v2\/pages\/1097","targetHints":{"allow":["GET"]}}],"collection":[{"href":"https:\/\/beveragecarton.be\/fr\/wp-json\/wp\/v2\/pages"}],"about":[{"href":"https:\/\/beveragecarton.be\/fr\/wp-json\/wp\/v2\/types\/page"}],"author":[{"embeddable":true,"href":"https:\/\/beveragecarton.be\/fr\/wp-json\/wp\/v2\/users\/2"}],"replies":[{"embeddable":true,"href":"https:\/\/beveragecarton.be\/fr\/wp-json\/wp\/v2\/comments?post=1097"}],"version-history":[{"count":2,"href":"https:\/\/beveragecarton.be\/fr\/wp-json\/wp\/v2\/pages\/1097\/revisions"}],"predecessor-version":[{"id":1118,"href":"https:\/\/beveragecarton.be\/fr\/wp-json\/wp\/v2\/pages\/1097\/revisions\/1118"}],"wp:attachment":[{"href":"https:\/\/beveragecarton.be\/fr\/wp-json\/wp\/v2\/media?parent=1097"}],"curies":[{"name":"wp","href":"https:\/\/api.w.org\/{rel}","templated":true}]}}