{"id":1119,"date":"2026-04-09T09:31:43","date_gmt":"2026-04-09T07:31:43","guid":{"rendered":"https:\/\/beveragecarton.be\/?page_id=1119"},"modified":"2026-04-09T09:31:44","modified_gmt":"2026-04-09T07:31:44","slug":"communiques-de-presse","status":"publish","type":"page","link":"https:\/\/beveragecarton.be\/fr\/communiques-de-presse\/","title":{"rendered":"Communiqu\u00e9s de presse"},"content":{"rendered":"\n<h1 class=\"wp-block-heading\"><strong>Plus de la moiti\u00e9* des Belges choisissent consciemment les cartons \u00e0 boissons<\/strong><\/h1>\n\n\n\n<p><strong>2 consommateurs sur 3 souhaitent davantage d\u2019informations sur le processus de recyclage<\/strong><\/p>\n\n\n\n<p><a href=\"https:\/\/www.linkedin.com\/sharing\/share-offsite?url=http%3A%2F%2Fprez.ly%2Fs6Bd&amp;text=Plus+de+la+moiti%C3%A9*+des+Belges+choisissent+consciemment+les+cartons+%C3%A0+boissons\" rel=\"noreferrer noopener\" target=\"_blank\"><\/a><a href=\"https:\/\/www.facebook.com\/sharer\/sharer.php?u=http%3A%2F%2Fprez.ly%2Fs6Bd\" rel=\"noreferrer noopener\" target=\"_blank\"><\/a><a href=\"https:\/\/twitter.com\/intent\/tweet?url=http%3A%2F%2Fprez.ly%2Fs6Bd&amp;text=Plus+de+la+moiti%C3%A9*+des+Belges+choisissent+consciemment+les+cartons+%C3%A0+boissons\" rel=\"noreferrer noopener\" target=\"_blank\"><\/a><\/p>\n\n\n\n<p><strong>Les consommateurs belges ont une attitude nettement positive \u00e0 l\u2019\u00e9gard des cartons \u00e0 boissons. C\u2019est la principale conclusion d\u2019une enqu\u00eate aupr\u00e8s des consommateurs, command\u00e9e par ACE Belgium, l\u2019organisation repr\u00e9sentant les principaux fabricants de cartons \u00e0 boissons. Les consommateurs indiquent \u00e9galement qu\u2019ils trient g\u00e9n\u00e9ralement correctement leurs cartons \u00e0 boissons, qu\u2019ils les consid\u00e8rent comme recyclables et qu\u2019ils appr\u00e9cieraient que davantage de marques les utilisent. Cependant, pr\u00e8s de deux tiers se demandent ce qu\u2019il advient de ces emballages apr\u00e8s la collecte et le tri. Ce manque de connaissances engendre des doutes quant au processus r\u00e9el de recyclage et, par cons\u00e9quent, \u00e0 l\u2019impact environnemental des cartons \u00e0 boissons. Consultez le rapport complet de l\u2019\u00e9tude sur https:\/\/beveragecarton.be\/fr\/recherche-mars-2026\/.<\/strong><\/p>\n\n\n\n<p>Comme le montre le graphique ci-dessous, l\u2019\u00e9tude command\u00e9e par ACE d\u00e9montre que les consommateurs attachent une grande importance au recyclage des cartons \u00e0 boissons qu\u2019ils utilisent. Cela se refl\u00e8te dans le taux \u00e9lev\u00e9 de tri et de recyclage, sup\u00e9rieur \u00e0 90 %.<\/p>\n\n\n\n<p><strong>Graphique : Perception des consommateurs concernant le tri et le recyclage des cartons \u00e0 boissons<\/strong><\/p>\n\n\n\n<figure class=\"wp-block-image\"><a class=\"prezly-slate-image-rollover\" href=\"https:\/\/cdn.assets.prezly.com\/f87e54a3-bb81-4c0a-a084-555dd09fd1a9\/Untitled\"><img decoding=\"async\" src=\"https:\/\/cdn.assets.prezly.com\/f87e54a3-bb81-4c0a-a084-555dd09fd1a9\/-\/format\/auto\/Untitled\" alt=\"\"\/><\/a><\/figure>\n\n\n\n<p><strong>Malentendus dus \u00e0 un manque d\u2019information<\/strong><\/p>\n\n\n\n<p>L\u2019enqu\u00eate montre qu\u2019il existe un fort besoin d\u2019informations claires et fiables. Pr\u00e8s de 6 consommateurs sur 10 (58 %) attendent explicitement une communication plus claire concernant l\u2019empreinte CO\u2082 et la durabilit\u00e9 des emballages.<\/p>\n\n\n\n<p><strong>Tableau : Id\u00e9es re\u00e7ues et pr\u00e9jug\u00e9s concernant le recyclage des cartons \u00e0 boissons<\/strong><\/p>\n\n\n\n<figure class=\"wp-block-table\"><table class=\"has-fixed-layout\"><tbody><tr><td class=\"has-text-align-left\" data-align=\"left\"><strong>Id\u00e9es re\u00e7ues et pr\u00e9jug\u00e9s<\/strong><\/td><td class=\"has-text-align-left\" data-align=\"left\"><strong>Pourcentage<\/strong><\/td><\/tr><tr><td class=\"has-text-align-left\" data-align=\"left\">Les consommateurs pensent que les cartons \u00e0 boissons sont difficiles \u00e0 recycler.<\/td><td class=\"has-text-align-left\" data-align=\"left\">50 %<\/td><\/tr><tr><td class=\"has-text-align-left\" data-align=\"left\">Les consommateurs ne savent pas ce qu\u2019il advient des cartons \u00e0 boissons apr\u00e8s le tri.<\/td><td class=\"has-text-align-left\" data-align=\"left\">65,9 %<\/td><\/tr><tr><td class=\"has-text-align-left\" data-align=\"left\">Les consommateurs pensent que les cartons \u00e0 boissons sont finalement incin\u00e9r\u00e9s.<\/td><td class=\"has-text-align-left\" data-align=\"left\">25 %<\/td><\/tr><tr><td class=\"has-text-align-left\" data-align=\"left\">Les consommateurs estiment que la recyclabilit\u00e9 et l\u2019utilisation de mati\u00e8res premi\u00e8res renouvelables signifient la m\u00eame chose.<\/td><td class=\"has-text-align-left\" data-align=\"left\">43,1 %<\/td><\/tr><tr><td class=\"has-text-align-left\" data-align=\"left\">Les consommateurs pensent que les for\u00eats de notre pays disparaissent \u00e0 cause de la production de cartons \u00e0 boissons.<\/td><td class=\"has-text-align-left\" data-align=\"left\">38,8 %<\/td><\/tr><tr><td class=\"has-text-align-left\" data-align=\"left\">Les consommateurs estiment que les labels tels que FSC\/PEFC ne sont pas tr\u00e8s fiables.<\/td><td class=\"has-text-align-left\" data-align=\"left\">31,7 %<\/td><\/tr><tr><td class=\"has-text-align-left\" data-align=\"left\">Les consommateurs ne savent pas quel type d\u2019emballage alimentaire et de boisson est le plus ou le moins durable.<\/td><td class=\"has-text-align-left\" data-align=\"left\">68 %<\/td><\/tr><\/tbody><\/table><\/figure>\n\n\n\n<p>\u00ab En tant que secteur, nous soutenons les initiatives l\u00e9gislatives europ\u00e9ennes visant \u00e0 pr\u00e9venir le greenwashing. La transparence est essentielle pour informer correctement les consommateurs et renforcer leur confiance. C\u2019est pourquoi nous optons pour une communication factuelle, \u00e9tay\u00e9e par des donn\u00e9es ind\u00e9pendantes et valid\u00e9es par des tiers, telles que des analyses du cycle de vie, et nous collaborons avec des partenaires fiables tout au long de la cha\u00eene de valeur \u00bb, d\u00e9clare Nathalie Walter, directrice g\u00e9n\u00e9rale d\u2019ACE (Alliance for Beverage Cartons and the Environment), qui repr\u00e9sente Tetra Pak, SIG Group et Elopak, les trois plus grands producteurs de cartons \u00e0 boissons dans notre pays.<\/p>\n\n\n\n<p><strong>Facilit\u00e9 d\u2019utilisation, impact environnemental et s\u00e9curit\u00e9 alimentaire d\u00e9terminent les pr\u00e9f\u00e9rences<\/strong><\/p>\n\n\n\n<p>Les consommateurs estiment que les emballages en carton pour boissons se distinguent des alternatives par leur facilit\u00e9 d\u2019utilisation (52,7 %), leur respect de l\u2019environnement (44,6 %), leur dur\u00e9e de conservation (43,9 %) et la s\u00e9curit\u00e9 alimentaire (39,8 %). Il est \u00e0 noter que la durabilit\u00e9 des cartons \u00e0 boissons est l\u2019argument le moins cr\u00e9dible lorsque le secteur lui-m\u00eame l\u2019utilise dans sa communication. Il est donc \u00e9galement n\u00e9cessaire de disposer de davantage d\u2019informations fiables et de meilleure qualit\u00e9 dans ce domaine.<\/p>\n\n\n\n<p>\u00ab Les arguments li\u00e9s \u00e0 la durabilit\u00e9 doivent reposer sur des faits auxquels les gens peuvent se fier. Pr\u00e9cis\u00e9ment parce que la durabilit\u00e9 est actuellement l\u2019argument le moins cr\u00e9dible lorsque les producteurs de cartons \u00e0 boissons la mettent eux-m\u00eames en avant, nous continuerons \u00e0 investir dans une information meilleure, plus claire et objectivement \u00e9tay\u00e9e \u00bb, conclut Nathalie Walter.<\/p>\n\n\n\n<p><em>*Ces r\u00e9sultats proviennent d\u2019une enqu\u00eate r\u00e9alis\u00e9e \u00e0 la mi-janvier 2026 pour le compte d\u2019ACE par un bureau d\u2019\u00e9tudes ind\u00e9pendant aupr\u00e8s d\u2019un \u00e9chantillon repr\u00e9sentatif de 1 000 consommateurs belges, repr\u00e9sentatif en termes de langue, de genre, d\u2019\u00e2ge et de niveau d\u2019\u00e9ducation. La marge d\u2019erreur maximale pour 1 000 Belges est de 3,02 %.<\/em><\/p>\n\n\n\n<hr class=\"wp-block-separator has-alpha-channel-opacity\"\/>\n\n\n\n<p><strong>Contact presse<br>\u200b<\/strong>Leen Vandevelde<br>\u200bTel: +32 471 09 17 24<\/p>\n\n\n\n<p><strong>\u00c0 propos d\u2019ACE Belgium<br>\u200b<\/strong>L\u2019Alliance for Beverage Cartons and the Environment en Belgique est une association qui regroupe les principaux fabricants de cartons \u00e0 boissons pour les march\u00e9s belge et europ\u00e9en : Tetra Pak, Elopak et SIG Group. Notre mission est de contribuer \u00e0 am\u00e9liorer et \u00e0 atteindre le taux de recyclage de nos emballages et de fournir une plateforme pour mettre en avant leurs avantages environnementaux. En collaboration avec les acteurs de notre secteur (fournisseurs, producteurs, organisations de producteurs, communes, entreprises de recyclage, etc.), ACE Belgium s\u2019engage \u00e0 mettre en place des actions concr\u00e8tes et \u00e0 d\u00e9velopper des outils tangibles.<br>\u200b<\/p>\n","protected":false},"excerpt":{"rendered":"<p>Plus de la moiti\u00e9* des Belges choisissent consciemment les cartons \u00e0 boissons 2 consommateurs sur 3 souhaitent davantage d\u2019informations sur le processus de recyclage Les consommateurs belges ont une attitude nettement positive \u00e0 l\u2019\u00e9gard des cartons \u00e0 boissons. C\u2019est la principale conclusion d\u2019une enqu\u00eate aupr\u00e8s des consommateurs, command\u00e9e par ACE Belgium, l\u2019organisation repr\u00e9sentant les principaux [&hellip;]<\/p>\n","protected":false},"author":2,"featured_media":0,"parent":0,"menu_order":0,"comment_status":"closed","ping_status":"closed","template":"","meta":{"_acf_changed":false,"footnotes":""},"class_list":["post-1119","page","type-page","status-publish","hentry"],"acf":[],"_links":{"self":[{"href":"https:\/\/beveragecarton.be\/fr\/wp-json\/wp\/v2\/pages\/1119","targetHints":{"allow":["GET"]}}],"collection":[{"href":"https:\/\/beveragecarton.be\/fr\/wp-json\/wp\/v2\/pages"}],"about":[{"href":"https:\/\/beveragecarton.be\/fr\/wp-json\/wp\/v2\/types\/page"}],"author":[{"embeddable":true,"href":"https:\/\/beveragecarton.be\/fr\/wp-json\/wp\/v2\/users\/2"}],"replies":[{"embeddable":true,"href":"https:\/\/beveragecarton.be\/fr\/wp-json\/wp\/v2\/comments?post=1119"}],"version-history":[{"count":1,"href":"https:\/\/beveragecarton.be\/fr\/wp-json\/wp\/v2\/pages\/1119\/revisions"}],"predecessor-version":[{"id":1120,"href":"https:\/\/beveragecarton.be\/fr\/wp-json\/wp\/v2\/pages\/1119\/revisions\/1120"}],"wp:attachment":[{"href":"https:\/\/beveragecarton.be\/fr\/wp-json\/wp\/v2\/media?parent=1119"}],"curies":[{"name":"wp","href":"https:\/\/api.w.org\/{rel}","templated":true}]}}